{"id":3,"date":"2024-07-11T17:14:30","date_gmt":"2024-07-11T20:14:30","guid":{"rendered":"https:\/\/sispsico.com.br\/blog\/?page_id=3"},"modified":"2024-07-19T09:54:37","modified_gmt":"2024-07-19T12:54:37","slug":"politica-de-privacidade","status":"publish","type":"page","link":"https:\/\/sispsico.com.br\/blog\/politica-de-privacidade\/","title":{"rendered":"Pol\u00edtica de privacidade"},"content":{"rendered":"\n<p>A sua privacidade \u00e9 importante para n\u00f3s. \u00c9 pol\u00edtica do sistema respeita a sua privacidade em rela\u00e7\u00e3o a qualquer informa\u00e7\u00e3o sua que possamos coletar no SisPsico, e outros sistemas que possu\u00edmos e operamos.<\/p>\n\n\n\n<p>Solicitamos informa\u00e7\u00f5es pessoais apenas quando realmente precisamos delas para lhe fornecer um servi\u00e7o. Fazemos por meios justos e legais, com o seu conhecimento e consentimento. Tamb\u00e9m informamos por que estamos coletando e como ser\u00e1 usado.<\/p>\n\n\n\n<p>Apenas retemos as informa\u00e7\u00f5es coletadas pelo tempo necess\u00e1rio para fornecer o servi\u00e7o solicitado. Quando armazenamos dados, protegemos dentro de meios comercialmente aceit\u00e1veis para evitar perdas e roubos, bem como acesso, divulga\u00e7\u00e3o, c\u00f3pia, uso ou modifica\u00e7\u00e3o n\u00e3o autorizados.<\/p>\n\n\n\n<p>N\u00e3o compartilhamos informa\u00e7\u00f5es de identifica\u00e7\u00e3o pessoal publicamente ou com terceiros, exceto quando exigido por lei.<\/p>\n\n\n\n<p>O uso continuado do sistema ser\u00e1 considerado como aceita\u00e7\u00e3o de nossas pr\u00e1ticas em torno de privacidade e informa\u00e7\u00f5es pessoais. Se voc\u00ea tiver alguma d\u00favida sobre como lidamos com dados do usu\u00e1rio e informa\u00e7\u00f5es pessoais, entre em contato conosco.<\/p>\n\n\n\n<h2 class=\"wp-block-heading\">Pol\u00edtica de Cookies<\/h2>\n\n\n\n<h3 class=\"wp-block-heading\">O que s\u00e3o cookies?<\/h3>\n\n\n\n<p>Como \u00e9 pr\u00e1tica comum em quase todos os sistemas profissionais, estes usam cookies, que s\u00e3o pequenos arquivos baixados no seu computador, para melhorar sua experi\u00eancia. Esta p\u00e1gina descreve quais informa\u00e7\u00f5es eles coletam, como as usamos e por que \u00e0s vezes precisamos armazenar esses cookies. Cookies que definimos:<\/p>\n\n\n\n<ul class=\"wp-block-list\">\n<li>Cookies relacionados \u00e0 conta: Se voc\u00ea criar uma conta conosco, usaremos cookies para o gerenciamento do processo de inscri\u00e7\u00e3o e administra\u00e7\u00e3o geral. Esses cookies geralmente ser\u00e3o exclu\u00eddos quando voc\u00ea sair do sistema, por\u00e9m, em alguns casos, eles poder\u00e3o permanecer posteriormente para lembrar as prefer\u00eancias do seu site ao sair.<\/li>\n\n\n\n<li>Cookies relacionados ao login Utilizamos cookies quando voc\u00ea est\u00e1 logado, para que possamos lembrar dessa a\u00e7\u00e3o. Isso evita que voc\u00ea precise fazer login sempre que visitar uma nova p\u00e1gina. Esses cookies s\u00e3o normalmente removidos ou limpos quando voc\u00ea efetua logout para garantir que voc\u00ea possa acessar apenas a recursos e \u00e1reas restritas ao efetuar login.<\/li>\n\n\n\n<li>Cookies relacionados a boletins por e-mail: Este site oferece servi\u00e7os de assinatura de boletim informativo ou e-mail e os cookies podem ser usados para lembrar se voc\u00ea j\u00e1 est\u00e1 registrado e se deve mostrar determinadas notifica\u00e7\u00f5es v\u00e1lidas apenas para usu\u00e1rios inscritos \/ n\u00e3o inscritos.<\/li>\n\n\n\n<li>Cookies relacionados a pesquisas: Periodicamente, oferecemos pesquisas e question\u00e1rios para fornecer informa\u00e7\u00f5es interessantes, ferramentas \u00fateis ou para entender nossa base de usu\u00e1rios com mais precis\u00e3o. Essas pesquisas podem usar cookies para lembrar quem j\u00e1 participou numa pesquisa ou para fornecer resultados precisos ap\u00f3s a altera\u00e7\u00e3o das p\u00e1ginas.<\/li>\n\n\n\n<li>Cookies relacionados a formul\u00e1rios: Quando voc\u00ea envia dados por meio de um formul\u00e1rio como os encontrados nas p\u00e1ginas de contato ou nos formul\u00e1rios de coment\u00e1rios, os cookies podem ser configurados para lembrar os detalhes do usu\u00e1rio para correspond\u00eancia futura. Cookies de Terceiros.<\/li>\n<\/ul>\n\n\n\n<p>Em alguns casos especiais, tamb\u00e9m usamos cookies fornecidos por terceiros confi\u00e1veis. A se\u00e7\u00e3o a seguir detalha quais cookies de terceiros voc\u00ea pode encontrar atrav\u00e9s deste site.<\/p>\n\n\n\n<ul class=\"wp-block-list\">\n<li>Este site usa o Google Analytics, que \u00e9 uma das solu\u00e7\u00f5es de an\u00e1lise mais difundidas e confi\u00e1veis da Web, para nos ajudar a entender como voc\u00ea usa o site e como podemos melhorar sua experi\u00eancia. Esses cookies podem rastrear itens como quanto tempo voc\u00ea gasta no site e as p\u00e1ginas visitadas, para que possamos continuar produzindo conte\u00fado atraente.<\/li>\n<\/ul>\n\n\n\n<p>Para mais informa\u00e7\u00f5es sobre cookies do Google Analytics, consulte a p\u00e1gina oficial do Google Analytics.<\/p>\n\n\n\n<ul class=\"wp-block-list\">\n<li>As an\u00e1lises de terceiros s\u00e3o usadas para rastrear e medir o uso deste site, para que possamos continuar produzindo conte\u00fado atrativo. Esses cookies podem rastrear itens como o tempo que voc\u00ea passa no site ou as p\u00e1ginas visitadas, o que nos ajuda a entender como podemos melhorar o site para voc\u00ea;<\/li>\n\n\n\n<li>Periodicamente, testamos novos recursos e fazemos altera\u00e7\u00f5es sutis na maneira como o site se apresenta. Quando ainda estamos testando novos recursos, esses cookies podem ser usados \u200b\u200bpara garantir que voc\u00ea receba uma experi\u00eancia consistente enquanto estiver no sistema, enquanto entendemos quais otimiza\u00e7\u00f5es os nossos usu\u00e1rios mais apreciam;<\/li>\n\n\n\n<li>\u00c0 medida que indico produtos, \u00e9 importante entendermos as estat\u00edsticas sobre quantos visitantes do SisPsico realmente utilizam os links de inicia\u00e7\u00f5es e, portanto, esse \u00e9 o tipo de dados que esses cookies rastrear\u00e3o. Isso \u00e9 importante para voc\u00ea, pois significa que podemos fazer previs\u00f5es de neg\u00f3cios com precis\u00e3o que nos permitem analisar nossos custos de publicidade e produtos para garantir o que voc\u00ea compre os melhores produtos com os melhores custos benef\u00edcios poss\u00edveis;<\/li>\n<\/ul>\n\n\n\n<h2 class=\"wp-block-heading\">Compromisso do Usu\u00e1rio<\/h2>\n\n\n\n<p>O usu\u00e1rio se compromete a fazer uso adequado dos conte\u00fados e da informa\u00e7\u00e3o que o SisPsico oferece no sistema e com car\u00e1ter enunciativo, mas n\u00e3o limitativo:<\/p>\n\n\n\n<ul class=\"wp-block-list\">\n<li>N\u00e3o se envolver em atividades que sejam ilegais ou contr\u00e1rias \u00e0 boa f\u00e9 a \u00e0 ordem p\u00fablica;<\/li>\n\n\n\n<li>N\u00e3o divulgar conte\u00fado ou propaganda de natureza racista, xenof\u00f3bica, casas de apostas legais, pornografia ilegal, de apologia ao terrorismo ou contra os direitos humanos;<\/li>\n\n\n\n<li>N\u00e3o causar danos aos sistemas f\u00edsicos (hardwares) e l\u00f3gicos (softwares) do SisPsico, de seus fornecedores ou terceiros, para introduzir ou disseminar v\u00edrus inform\u00e1ticos ou quaisquer outros sistemas de hardware ou software que sejam capazes de causar danos anteriormente mencionados;<\/li>\n\n\n\n<li>N\u00e3o divulgar links ou informa\u00e7\u00f5es que sejam consideradas spam.<\/li>\n<\/ul>\n\n\n\n<h4 class=\"wp-block-heading\">Mais informa\u00e7\u00f5es<\/h4>\n\n\n\n<p>Esperemos que esteja esclarecido e, como mencionado anteriormente, se houver algo que voc\u00ea n\u00e3o tem certeza se precisa ou n\u00e3o, geralmente \u00e9 mais seguro deixar os cookies ativados, caso interaja com um dos recursos que voc\u00ea usa em nosso site.<\/p>\n","protected":false},"excerpt":{"rendered":"<p>A sua privacidade \u00e9 importante para n\u00f3s. \u00c9 pol\u00edtica do sistema respeita a sua privacidade em rela\u00e7\u00e3o a qualquer informa\u00e7\u00e3o<\/p>\n","protected":false},"author":1,"featured_media":15,"parent":0,"menu_order":0,"comment_status":"closed","ping_status":"open","template":"","meta":{"footnotes":""},"class_list":["post-3","page","type-page","status-publish","has-post-thumbnail","hentry"],"yoast_head":"<!-- This site is optimized with the Yoast SEO plugin v23.0 - https:\/\/yoast.com\/wordpress\/plugins\/seo\/ -->\n<title>Pol\u00edtica de privacidade - SisPsico<\/title>\n<meta name=\"robots\" content=\"index, follow, max-snippet:-1, max-image-preview:large, max-video-preview:-1\" \/>\n<link rel=\"canonical\" href=\"https:\/\/sispsico.com.br\/blog\/politica-de-privacidade\/\" \/>\n<meta property=\"og:locale\" content=\"pt_BR\" \/>\n<meta property=\"og:type\" content=\"article\" \/>\n<meta property=\"og:title\" content=\"Pol\u00edtica de privacidade - SisPsico\" \/>\n<meta property=\"og:description\" content=\"A sua privacidade \u00e9 importante para n\u00f3s. \u00c9 pol\u00edtica do sistema respeita a sua privacidade em rela\u00e7\u00e3o a qualquer informa\u00e7\u00e3o\" \/>\n<meta property=\"og:url\" content=\"https:\/\/sispsico.com.br\/blog\/politica-de-privacidade\/\" \/>\n<meta property=\"og:site_name\" content=\"SisPsico\" \/>\n<meta property=\"article:modified_time\" content=\"2024-07-19T12:54:37+00:00\" \/>\n<meta property=\"og:image\" content=\"https:\/\/sispsico.com.br\/blog\/wp-content\/uploads\/2024\/07\/business-letterhead-template.jpg\" \/>\n\t<meta property=\"og:image:width\" content=\"600\" \/>\n\t<meta property=\"og:image:height\" content=\"325\" \/>\n\t<meta property=\"og:image:type\" content=\"image\/jpeg\" \/>\n<meta name=\"twitter:card\" content=\"summary_large_image\" \/>\n<meta name=\"twitter:label1\" content=\"Est. tempo de leitura\" \/>\n\t<meta name=\"twitter:data1\" content=\"5 minutos\" \/>\n<script type=\"application\/ld+json\" class=\"yoast-schema-graph\">{\"@context\":\"https:\/\/schema.org\",\"@graph\":[{\"@type\":\"WebPage\",\"@id\":\"https:\/\/sispsico.com.br\/blog\/politica-de-privacidade\/\",\"url\":\"https:\/\/sispsico.com.br\/blog\/politica-de-privacidade\/\",\"name\":\"Pol\u00edtica de privacidade - SisPsico\",\"isPartOf\":{\"@id\":\"https:\/\/sispsico.com.br\/blog\/#website\"},\"primaryImageOfPage\":{\"@id\":\"https:\/\/sispsico.com.br\/blog\/politica-de-privacidade\/#primaryimage\"},\"image\":{\"@id\":\"https:\/\/sispsico.com.br\/blog\/politica-de-privacidade\/#primaryimage\"},\"thumbnailUrl\":\"https:\/\/sispsico.com.br\/blog\/wp-content\/uploads\/2024\/07\/business-letterhead-template.jpg\",\"datePublished\":\"2024-07-11T20:14:30+00:00\",\"dateModified\":\"2024-07-19T12:54:37+00:00\",\"breadcrumb\":{\"@id\":\"https:\/\/sispsico.com.br\/blog\/politica-de-privacidade\/#breadcrumb\"},\"inLanguage\":\"pt-BR\",\"potentialAction\":[{\"@type\":\"ReadAction\",\"target\":[\"https:\/\/sispsico.com.br\/blog\/politica-de-privacidade\/\"]}]},{\"@type\":\"ImageObject\",\"inLanguage\":\"pt-BR\",\"@id\":\"https:\/\/sispsico.com.br\/blog\/politica-de-privacidade\/#primaryimage\",\"url\":\"https:\/\/sispsico.com.br\/blog\/wp-content\/uploads\/2024\/07\/business-letterhead-template.jpg\",\"contentUrl\":\"https:\/\/sispsico.com.br\/blog\/wp-content\/uploads\/2024\/07\/business-letterhead-template.jpg\",\"width\":600,\"height\":325},{\"@type\":\"BreadcrumbList\",\"@id\":\"https:\/\/sispsico.com.br\/blog\/politica-de-privacidade\/#breadcrumb\",\"itemListElement\":[{\"@type\":\"ListItem\",\"position\":1,\"name\":\"In\u00edcio\",\"item\":\"https:\/\/sispsico.com.br\/blog\/\"},{\"@type\":\"ListItem\",\"position\":2,\"name\":\"Pol\u00edtica de privacidade\"}]},{\"@type\":\"WebSite\",\"@id\":\"https:\/\/sispsico.com.br\/blog\/#website\",\"url\":\"https:\/\/sispsico.com.br\/blog\/\",\"name\":\"SisPsico\",\"description\":\"Blog\",\"publisher\":{\"@id\":\"https:\/\/sispsico.com.br\/blog\/#organization\"},\"potentialAction\":[{\"@type\":\"SearchAction\",\"target\":{\"@type\":\"EntryPoint\",\"urlTemplate\":\"https:\/\/sispsico.com.br\/blog\/?s={search_term_string}\"},\"query-input\":\"required name=search_term_string\"}],\"inLanguage\":\"pt-BR\"},{\"@type\":\"Organization\",\"@id\":\"https:\/\/sispsico.com.br\/blog\/#organization\",\"name\":\"SisPsico\",\"url\":\"https:\/\/sispsico.com.br\/blog\/\",\"logo\":{\"@type\":\"ImageObject\",\"inLanguage\":\"pt-BR\",\"@id\":\"https:\/\/sispsico.com.br\/blog\/#\/schema\/logo\/image\/\",\"url\":\"https:\/\/sispsico.com.br\/blog\/wp-content\/uploads\/2025\/09\/logo_sispsico.png\",\"contentUrl\":\"https:\/\/sispsico.com.br\/blog\/wp-content\/uploads\/2025\/09\/logo_sispsico.png\",\"width\":300,\"height\":155,\"caption\":\"SisPsico\"},\"image\":{\"@id\":\"https:\/\/sispsico.com.br\/blog\/#\/schema\/logo\/image\/\"}}]}<\/script>\n<!-- \/ Yoast SEO plugin. -->","yoast_head_json":{"title":"Pol\u00edtica de privacidade - SisPsico","robots":{"index":"index","follow":"follow","max-snippet":"max-snippet:-1","max-image-preview":"max-image-preview:large","max-video-preview":"max-video-preview:-1"},"canonical":"https:\/\/sispsico.com.br\/blog\/politica-de-privacidade\/","og_locale":"pt_BR","og_type":"article","og_title":"Pol\u00edtica de privacidade - SisPsico","og_description":"A sua privacidade \u00e9 importante para n\u00f3s. \u00c9 pol\u00edtica do sistema respeita a sua privacidade em rela\u00e7\u00e3o a qualquer informa\u00e7\u00e3o","og_url":"https:\/\/sispsico.com.br\/blog\/politica-de-privacidade\/","og_site_name":"SisPsico","article_modified_time":"2024-07-19T12:54:37+00:00","og_image":[{"width":600,"height":325,"url":"https:\/\/sispsico.com.br\/blog\/wp-content\/uploads\/2024\/07\/business-letterhead-template.jpg","type":"image\/jpeg"}],"twitter_card":"summary_large_image","twitter_misc":{"Est. tempo de leitura":"5 minutos"},"schema":{"@context":"https:\/\/schema.org","@graph":[{"@type":"WebPage","@id":"https:\/\/sispsico.com.br\/blog\/politica-de-privacidade\/","url":"https:\/\/sispsico.com.br\/blog\/politica-de-privacidade\/","name":"Pol\u00edtica de privacidade - SisPsico","isPartOf":{"@id":"https:\/\/sispsico.com.br\/blog\/#website"},"primaryImageOfPage":{"@id":"https:\/\/sispsico.com.br\/blog\/politica-de-privacidade\/#primaryimage"},"image":{"@id":"https:\/\/sispsico.com.br\/blog\/politica-de-privacidade\/#primaryimage"},"thumbnailUrl":"https:\/\/sispsico.com.br\/blog\/wp-content\/uploads\/2024\/07\/business-letterhead-template.jpg","datePublished":"2024-07-11T20:14:30+00:00","dateModified":"2024-07-19T12:54:37+00:00","breadcrumb":{"@id":"https:\/\/sispsico.com.br\/blog\/politica-de-privacidade\/#breadcrumb"},"inLanguage":"pt-BR","potentialAction":[{"@type":"ReadAction","target":["https:\/\/sispsico.com.br\/blog\/politica-de-privacidade\/"]}]},{"@type":"ImageObject","inLanguage":"pt-BR","@id":"https:\/\/sispsico.com.br\/blog\/politica-de-privacidade\/#primaryimage","url":"https:\/\/sispsico.com.br\/blog\/wp-content\/uploads\/2024\/07\/business-letterhead-template.jpg","contentUrl":"https:\/\/sispsico.com.br\/blog\/wp-content\/uploads\/2024\/07\/business-letterhead-template.jpg","width":600,"height":325},{"@type":"BreadcrumbList","@id":"https:\/\/sispsico.com.br\/blog\/politica-de-privacidade\/#breadcrumb","itemListElement":[{"@type":"ListItem","position":1,"name":"In\u00edcio","item":"https:\/\/sispsico.com.br\/blog\/"},{"@type":"ListItem","position":2,"name":"Pol\u00edtica de privacidade"}]},{"@type":"WebSite","@id":"https:\/\/sispsico.com.br\/blog\/#website","url":"https:\/\/sispsico.com.br\/blog\/","name":"SisPsico","description":"Blog","publisher":{"@id":"https:\/\/sispsico.com.br\/blog\/#organization"},"potentialAction":[{"@type":"SearchAction","target":{"@type":"EntryPoint","urlTemplate":"https:\/\/sispsico.com.br\/blog\/?s={search_term_string}"},"query-input":"required name=search_term_string"}],"inLanguage":"pt-BR"},{"@type":"Organization","@id":"https:\/\/sispsico.com.br\/blog\/#organization","name":"SisPsico","url":"https:\/\/sispsico.com.br\/blog\/","logo":{"@type":"ImageObject","inLanguage":"pt-BR","@id":"https:\/\/sispsico.com.br\/blog\/#\/schema\/logo\/image\/","url":"https:\/\/sispsico.com.br\/blog\/wp-content\/uploads\/2025\/09\/logo_sispsico.png","contentUrl":"https:\/\/sispsico.com.br\/blog\/wp-content\/uploads\/2025\/09\/logo_sispsico.png","width":300,"height":155,"caption":"SisPsico"},"image":{"@id":"https:\/\/sispsico.com.br\/blog\/#\/schema\/logo\/image\/"}}]}},"_links":{"self":[{"href":"https:\/\/sispsico.com.br\/blog\/wp-json\/wp\/v2\/pages\/3"}],"collection":[{"href":"https:\/\/sispsico.com.br\/blog\/wp-json\/wp\/v2\/pages"}],"about":[{"href":"https:\/\/sispsico.com.br\/blog\/wp-json\/wp\/v2\/types\/page"}],"author":[{"embeddable":true,"href":"https:\/\/sispsico.com.br\/blog\/wp-json\/wp\/v2\/users\/1"}],"replies":[{"embeddable":true,"href":"https:\/\/sispsico.com.br\/blog\/wp-json\/wp\/v2\/comments?post=3"}],"version-history":[{"count":2,"href":"https:\/\/sispsico.com.br\/blog\/wp-json\/wp\/v2\/pages\/3\/revisions"}],"predecessor-version":[{"id":120,"href":"https:\/\/sispsico.com.br\/blog\/wp-json\/wp\/v2\/pages\/3\/revisions\/120"}],"wp:featuredmedia":[{"embeddable":true,"href":"https:\/\/sispsico.com.br\/blog\/wp-json\/wp\/v2\/media\/15"}],"wp:attachment":[{"href":"https:\/\/sispsico.com.br\/blog\/wp-json\/wp\/v2\/media?parent=3"}],"curies":[{"name":"wp","href":"https:\/\/api.w.org\/{rel}","templated":true}]}}