{"id":263,"date":"2025-08-28T14:32:40","date_gmt":"2025-08-28T17:32:40","guid":{"rendered":"https:\/\/sispsico.com.br\/blog\/?page_id=263"},"modified":"2025-08-29T08:38:00","modified_gmt":"2025-08-29T11:38:00","slug":"pagina-de-download","status":"publish","type":"page","link":"https:\/\/sispsico.com.br\/blog\/pagina-de-download\/","title":{"rendered":"P\u00e1gina de Download"},"content":{"rendered":"\n<p>Preparamos este material exclusivo para auxiliar psic\u00f3logos em sua pr\u00e1tica cl\u00ednica e na gest\u00e3o do consult\u00f3rio. O conte\u00fado foi desenvolvido para ser pr\u00e1tico, objetivo e diretamente aplic\u00e1vel no dia a dia profissional. Para acessar, basta preencher seus dados abaixo e fazer o download gratuito. Aproveite este recurso como apoio em sua atua\u00e7\u00e3o e conte com o <strong>SisPsico<\/strong> para organizar e otimizar sua rotina.<\/p>\n\n\n\n<div id=\"contador\" class=\"my-4 text-center text-2xl font-medium\">20 aguarde&#8230;<\/div>\n<div id=\"btnDownload\" style=\"display: none;\" class=\"text-center my-4 py-1.5\"><a class=\"inline-block font-normal align-middle select-none text-base text-white py-1.5 px-3 transition border border-transparent focus:ring focus:relative rounded bg-sky-600 hover:bg-sky-700 focus:ring-sky-300\/50\" href=\"\">Baixar<\/a><\/div>\n\n<script>\nlet tempo = 20;\nconst contador = document.getElementById('contador');\nconst botao = document.getElementById('btnDownload');\n\nconst interval = setInterval(() => {\n    tempo--;\n    contador.textContent = tempo+\" aguarde...\";\n    if (tempo <= 0) {\n        clearInterval(interval);\n        contador.style.display = 'none';\n        botao.removeAttribute('style');\n    }\n}, 1000);\n<\/script>\n\n\n\n<div>\n<br\/>\n <script async src=\"https:\/\/pagead2.googlesyndication.com\/pagead\/js\/adsbygoogle.js?client=ca-pub-8077712885471190\"\n      crossorigin=\"anonymous\"><\/script>\n          <!-- TN-300-250 -->\n          <ins class=\"adsbygoogle\"\n              style=\"display:inline-block;width:300px;height:250px\"\n              data-ad-client=\"ca-pub-8077712885471190\"\n              data-ad-slot=\"8842753763\"><\/ins>\n          <script>\n              (adsbygoogle = window.adsbygoogle || []).push({});\n          <\/script>\n<\/div>\n\n\n\n\n\n<p><\/p>\n","protected":false},"excerpt":{"rendered":"<p>Preparamos este material exclusivo para auxiliar psic\u00f3logos em sua pr\u00e1tica cl\u00ednica e na gest\u00e3o do consult\u00f3rio. O conte\u00fado foi desenvolvido<\/p>\n","protected":false},"author":1,"featured_media":0,"parent":0,"menu_order":0,"comment_status":"closed","ping_status":"closed","template":"","meta":{"footnotes":""},"class_list":["post-263","page","type-page","status-publish","hentry"],"yoast_head":"<!-- This site is optimized with the Yoast SEO plugin v23.0 - https:\/\/yoast.com\/wordpress\/plugins\/seo\/ -->\n<title>P\u00e1gina de Download - SisPsico<\/title>\n<meta name=\"robots\" content=\"index, follow, max-snippet:-1, max-image-preview:large, max-video-preview:-1\" \/>\n<link rel=\"canonical\" href=\"https:\/\/sispsico.com.br\/blog\/pagina-de-download\/\" \/>\n<meta property=\"og:locale\" content=\"pt_BR\" \/>\n<meta property=\"og:type\" content=\"article\" \/>\n<meta property=\"og:title\" content=\"P\u00e1gina de Download - SisPsico\" \/>\n<meta property=\"og:description\" content=\"Preparamos este material exclusivo para auxiliar psic\u00f3logos em sua pr\u00e1tica cl\u00ednica e na gest\u00e3o do consult\u00f3rio. O conte\u00fado foi desenvolvido\" \/>\n<meta property=\"og:url\" content=\"https:\/\/sispsico.com.br\/blog\/pagina-de-download\/\" \/>\n<meta property=\"og:site_name\" content=\"SisPsico\" \/>\n<meta property=\"article:modified_time\" content=\"2025-08-29T11:38:00+00:00\" \/>\n<meta name=\"twitter:card\" content=\"summary_large_image\" \/>\n<meta name=\"twitter:label1\" content=\"Est. tempo de leitura\" \/>\n\t<meta name=\"twitter:data1\" content=\"1 minuto\" \/>\n<script type=\"application\/ld+json\" class=\"yoast-schema-graph\">{\"@context\":\"https:\/\/schema.org\",\"@graph\":[{\"@type\":\"WebPage\",\"@id\":\"https:\/\/sispsico.com.br\/blog\/pagina-de-download\/\",\"url\":\"https:\/\/sispsico.com.br\/blog\/pagina-de-download\/\",\"name\":\"P\u00e1gina de Download - SisPsico\",\"isPartOf\":{\"@id\":\"https:\/\/sispsico.com.br\/blog\/#website\"},\"datePublished\":\"2025-08-28T17:32:40+00:00\",\"dateModified\":\"2025-08-29T11:38:00+00:00\",\"breadcrumb\":{\"@id\":\"https:\/\/sispsico.com.br\/blog\/pagina-de-download\/#breadcrumb\"},\"inLanguage\":\"pt-BR\",\"potentialAction\":[{\"@type\":\"ReadAction\",\"target\":[\"https:\/\/sispsico.com.br\/blog\/pagina-de-download\/\"]}]},{\"@type\":\"BreadcrumbList\",\"@id\":\"https:\/\/sispsico.com.br\/blog\/pagina-de-download\/#breadcrumb\",\"itemListElement\":[{\"@type\":\"ListItem\",\"position\":1,\"name\":\"In\u00edcio\",\"item\":\"https:\/\/sispsico.com.br\/blog\/\"},{\"@type\":\"ListItem\",\"position\":2,\"name\":\"P\u00e1gina de Download\"}]},{\"@type\":\"WebSite\",\"@id\":\"https:\/\/sispsico.com.br\/blog\/#website\",\"url\":\"https:\/\/sispsico.com.br\/blog\/\",\"name\":\"SisPsico\",\"description\":\"Blog\",\"publisher\":{\"@id\":\"https:\/\/sispsico.com.br\/blog\/#organization\"},\"potentialAction\":[{\"@type\":\"SearchAction\",\"target\":{\"@type\":\"EntryPoint\",\"urlTemplate\":\"https:\/\/sispsico.com.br\/blog\/?s={search_term_string}\"},\"query-input\":\"required name=search_term_string\"}],\"inLanguage\":\"pt-BR\"},{\"@type\":\"Organization\",\"@id\":\"https:\/\/sispsico.com.br\/blog\/#organization\",\"name\":\"SisPsico\",\"url\":\"https:\/\/sispsico.com.br\/blog\/\",\"logo\":{\"@type\":\"ImageObject\",\"inLanguage\":\"pt-BR\",\"@id\":\"https:\/\/sispsico.com.br\/blog\/#\/schema\/logo\/image\/\",\"url\":\"https:\/\/sispsico.com.br\/blog\/wp-content\/uploads\/2025\/09\/logo_sispsico.png\",\"contentUrl\":\"https:\/\/sispsico.com.br\/blog\/wp-content\/uploads\/2025\/09\/logo_sispsico.png\",\"width\":300,\"height\":155,\"caption\":\"SisPsico\"},\"image\":{\"@id\":\"https:\/\/sispsico.com.br\/blog\/#\/schema\/logo\/image\/\"}}]}<\/script>\n<!-- \/ Yoast SEO plugin. -->","yoast_head_json":{"title":"P\u00e1gina de Download - SisPsico","robots":{"index":"index","follow":"follow","max-snippet":"max-snippet:-1","max-image-preview":"max-image-preview:large","max-video-preview":"max-video-preview:-1"},"canonical":"https:\/\/sispsico.com.br\/blog\/pagina-de-download\/","og_locale":"pt_BR","og_type":"article","og_title":"P\u00e1gina de Download - SisPsico","og_description":"Preparamos este material exclusivo para auxiliar psic\u00f3logos em sua pr\u00e1tica cl\u00ednica e na gest\u00e3o do consult\u00f3rio. O conte\u00fado foi desenvolvido","og_url":"https:\/\/sispsico.com.br\/blog\/pagina-de-download\/","og_site_name":"SisPsico","article_modified_time":"2025-08-29T11:38:00+00:00","twitter_card":"summary_large_image","twitter_misc":{"Est. tempo de leitura":"1 minuto"},"schema":{"@context":"https:\/\/schema.org","@graph":[{"@type":"WebPage","@id":"https:\/\/sispsico.com.br\/blog\/pagina-de-download\/","url":"https:\/\/sispsico.com.br\/blog\/pagina-de-download\/","name":"P\u00e1gina de Download - SisPsico","isPartOf":{"@id":"https:\/\/sispsico.com.br\/blog\/#website"},"datePublished":"2025-08-28T17:32:40+00:00","dateModified":"2025-08-29T11:38:00+00:00","breadcrumb":{"@id":"https:\/\/sispsico.com.br\/blog\/pagina-de-download\/#breadcrumb"},"inLanguage":"pt-BR","potentialAction":[{"@type":"ReadAction","target":["https:\/\/sispsico.com.br\/blog\/pagina-de-download\/"]}]},{"@type":"BreadcrumbList","@id":"https:\/\/sispsico.com.br\/blog\/pagina-de-download\/#breadcrumb","itemListElement":[{"@type":"ListItem","position":1,"name":"In\u00edcio","item":"https:\/\/sispsico.com.br\/blog\/"},{"@type":"ListItem","position":2,"name":"P\u00e1gina de Download"}]},{"@type":"WebSite","@id":"https:\/\/sispsico.com.br\/blog\/#website","url":"https:\/\/sispsico.com.br\/blog\/","name":"SisPsico","description":"Blog","publisher":{"@id":"https:\/\/sispsico.com.br\/blog\/#organization"},"potentialAction":[{"@type":"SearchAction","target":{"@type":"EntryPoint","urlTemplate":"https:\/\/sispsico.com.br\/blog\/?s={search_term_string}"},"query-input":"required name=search_term_string"}],"inLanguage":"pt-BR"},{"@type":"Organization","@id":"https:\/\/sispsico.com.br\/blog\/#organization","name":"SisPsico","url":"https:\/\/sispsico.com.br\/blog\/","logo":{"@type":"ImageObject","inLanguage":"pt-BR","@id":"https:\/\/sispsico.com.br\/blog\/#\/schema\/logo\/image\/","url":"https:\/\/sispsico.com.br\/blog\/wp-content\/uploads\/2025\/09\/logo_sispsico.png","contentUrl":"https:\/\/sispsico.com.br\/blog\/wp-content\/uploads\/2025\/09\/logo_sispsico.png","width":300,"height":155,"caption":"SisPsico"},"image":{"@id":"https:\/\/sispsico.com.br\/blog\/#\/schema\/logo\/image\/"}}]}},"_links":{"self":[{"href":"https:\/\/sispsico.com.br\/blog\/wp-json\/wp\/v2\/pages\/263"}],"collection":[{"href":"https:\/\/sispsico.com.br\/blog\/wp-json\/wp\/v2\/pages"}],"about":[{"href":"https:\/\/sispsico.com.br\/blog\/wp-json\/wp\/v2\/types\/page"}],"author":[{"embeddable":true,"href":"https:\/\/sispsico.com.br\/blog\/wp-json\/wp\/v2\/users\/1"}],"replies":[{"embeddable":true,"href":"https:\/\/sispsico.com.br\/blog\/wp-json\/wp\/v2\/comments?post=263"}],"version-history":[{"count":22,"href":"https:\/\/sispsico.com.br\/blog\/wp-json\/wp\/v2\/pages\/263\/revisions"}],"predecessor-version":[{"id":300,"href":"https:\/\/sispsico.com.br\/blog\/wp-json\/wp\/v2\/pages\/263\/revisions\/300"}],"wp:attachment":[{"href":"https:\/\/sispsico.com.br\/blog\/wp-json\/wp\/v2\/media?parent=263"}],"curies":[{"name":"wp","href":"https:\/\/api.w.org\/{rel}","templated":true}]}}