{"id":117,"date":"2024-07-19T09:50:33","date_gmt":"2024-07-19T12:50:33","guid":{"rendered":"https:\/\/sispsico.com.br\/blog\/?page_id=117"},"modified":"2024-07-19T09:50:34","modified_gmt":"2024-07-19T12:50:34","slug":"termos-de-uso-sispsico","status":"publish","type":"page","link":"https:\/\/sispsico.com.br\/blog\/termos-de-uso-sispsico\/","title":{"rendered":"Termos de Uso"},"content":{"rendered":"\n<h2 class=\"wp-block-heading\">1. Vis\u00e3o geral<\/h2>\n\n\n\n<p>Estes termos se referem-se ao SisPsico, um sistema de informa\u00e7\u00e3o criado para dar suporte as atividades realizadas por profissionais da \u00e1rea da psicologia, que oferece todas as informa\u00e7\u00f5es, ferramentas e servi\u00e7os dispon\u00edveis para seus usu\u00e1rios. Ao utilizar esse sistema, automaticamente concordar\u00e1 com os termos, condi\u00e7\u00f5es, pol\u00edticas e avisos declarados aqui.<\/p>\n\n\n\n<p>Por favor, leia esses Termos de Servi\u00e7o cuidadosamente antes de acessar ou utilizar este sistema. Ao acessar ou usar qualquer parte, incluindo recurso adicionados recentemente, voc\u00ea concordar\u00e1 com os Termos de servi\u00e7o. Se voc\u00ea n\u00e3o concorda com todos os termos e condi\u00e7\u00f5es desse acordo, ent\u00e3o voc\u00ea n\u00e3o pode acess\u00e1-lo ou usar quaisquer servi\u00e7os. Se esses Termos de Servi\u00e7o s\u00e3o considerados uma oferta, a aceita\u00e7\u00e3o \u00e9 expressamente limitada a esses Termos de Servi\u00e7o.<\/p>\n\n\n\n<hr class=\"wp-block-separator has-alpha-channel-opacity\"\/>\n\n\n\n<h2 class=\"wp-block-heading\">#&nbsp;2. Dos servi\u00e7os<\/h2>\n\n\n\n<p>O SisPsico oferece as seguintes fun\u00e7\u00f5es:<\/p>\n\n\n\n<ul class=\"wp-block-list\">\n<li>Cadastros;\n<ol class=\"wp-block-list\">\n<li>Anamnese Customizada;<\/li>\n\n\n\n<li>Modelos de Anamnese;<\/li>\n\n\n\n<li>Agendamento;<\/li>\n\n\n\n<li>Acompanhamento;<\/li>\n\n\n\n<li>Ativos e Passivos;<\/li>\n\n\n\n<li>Recepcionista;<\/li>\n<\/ol>\n<\/li>\n\n\n\n<li>Relat\u00f3rios;<\/li>\n\n\n\n<li>Balancetes.<\/li>\n<\/ul>\n\n\n\n<h2 class=\"wp-block-heading\" id=\"licence\">#&nbsp;3. Licen\u00e7a<\/h2>\n\n\n\n<p>O SisPsico&nbsp;<strong>n\u00e3o tem mensalidade nem taxa de fidelidade<\/strong>, funciona&nbsp;<strong>igual a uma linha pr\u00e9-paga<\/strong>, pagou usou. Voc\u00ea poder\u00e1 utilizar a totalidade do sistema e cadastrar mais de 5 pacientes ao pagar a licen\u00e7a. A mesma tem&nbsp;<strong>dura\u00e7\u00e3o de 30 dias<\/strong>&nbsp;ininterruptos, e pode ser feita via boleto, cart\u00e3o de cr\u00e9dito ou PIX.<\/p>\n\n\n\n<p>A licen\u00e7a tamb\u00e9m \u00e9&nbsp;<strong>acumulativa<\/strong>, ou seja, caso voc\u00ea tenha uma licen\u00e7a paga&nbsp;<strong>faltando 5 dias para expirar<\/strong>&nbsp;, ao comprar uma nova, ocorrer\u00e1 o&nbsp;<strong>somat\u00f3rio dos dias<\/strong>&nbsp;de ambas, portanto, a nova licen\u00e7a ter\u00e1&nbsp;<strong>validade de 35 dias<\/strong>.<\/p>\n\n\n\n<h3 class=\"wp-block-heading\">3.1. Atraso ou n\u00e3o pagamento da Licen\u00e7a<\/h3>\n\n\n\n<p>O login ocorrer\u00e1 normalmente, com exce\u00e7\u00e3o de a\u00e7\u00f5es relacionadas a\u00a0<strong>cadastro e atualiza\u00e7\u00e3o<\/strong>. Caso ocorra o sen\u00e1rio desse t\u00f3pico, o SisPsico entrar\u00e1 em\u00a0<strong>Modo Leitura<\/strong>, onde voc\u00ea poder\u00e1 realizar apenas\u00a0<strong>opera\u00e7\u00e3o que envolvam visualiza\u00e7\u00e3o e exclus\u00e3o de dados<\/strong><\/p>\n\n\n\n<h3 class=\"wp-block-heading\">3.2. Em caso de abandono do sistema<\/h3>\n\n\n\n<p>Haver\u00e1 um prazo m\u00e1ximo de&nbsp;<strong>2 meses<\/strong>&nbsp;para que seus dados sejam exclu\u00eddos, onde voc\u00ea ser\u00e1 avisado(a) caso ocorra. Voc\u00ea tamb\u00e9m poder\u00e1&nbsp;<strong>imprimir os prontu\u00e1rios<\/strong>&nbsp;dos seus pacientes em belos formul\u00e1rios,&nbsp;<strong>salvar em formato PDF<\/strong>, ou solicitar todos os prontu\u00e1rios em um arquivo comprimido.<\/p>\n\n\n\n<h2 class=\"wp-block-heading\">#&nbsp;4. Do cadastro gratuito<\/h2>\n\n\n\n<p>Voc\u00ea poder\u00e1 utilizar todas as funcionalidades do sistema com exce\u00e7\u00e3o da \u00e1rea do Recepcionista e desde que n\u00e3o ultrapasse a quantidade de 5 pacientes cadastrados. Caso seja necess\u00e1rio mais pacientes basta fazer a compra da licen\u00e7a descrita no t\u00f3pico 3.<\/p>\n\n\n\n<h2 class=\"wp-block-heading\">#&nbsp;5. Modelo SaaS<\/h2>\n\n\n\n<p>Um dos objetivos do SisPsico \u00e9 oferecer um servi\u00e7o revog\u00e1vel, n\u00e3o exclusivo, limitado e intransfer\u00edvel na modalidade SaaS, onde tudo \u00e9 oferecido via internet e nela est\u00e1 o banco de dados, dom\u00ednio e os arquivos de sistema.<\/p>\n\n\n\n<p>A vantagem do modelo SaaS \u00e9 a flexibilidade por parte dos desenvolvedores, ou seja, corre\u00e7\u00f5es, melhorias tando a n\u00edvel de funcionalidade quanto a n\u00edvel de usabilidade ocorrem de forma instant\u00e2nea, e voc\u00ea n\u00e3o pagar\u00e1 nada por essas atualiza\u00e7\u00f5es.<\/p>\n\n\n\n<p>E tudo isso estar\u00e1 dispon\u00edvel para voc\u00ea gratuitamente conforme o t\u00f3pico 4, ou caso exista uma licen\u00e7a v\u00e1lida e paga, assim descrita no t\u00f3pico 3 desses Termos de Uso.<\/p>\n","protected":false},"excerpt":{"rendered":"<p>1. Vis\u00e3o geral Estes termos se referem-se ao SisPsico, um sistema de informa\u00e7\u00e3o criado para dar suporte as atividades realizadas<\/p>\n","protected":false},"author":1,"featured_media":15,"parent":0,"menu_order":0,"comment_status":"closed","ping_status":"closed","template":"","meta":{"footnotes":""},"class_list":["post-117","page","type-page","status-publish","has-post-thumbnail","hentry"],"yoast_head":"<!-- This site is optimized with the Yoast SEO plugin v23.0 - https:\/\/yoast.com\/wordpress\/plugins\/seo\/ -->\n<title>Termos de Uso - SisPsico<\/title>\n<meta name=\"description\" content=\"Confira os Termos de Uso do prontu\u00e1rio eletr\u00f4nico para psic\u00f3logos SisPsico e entenda as regras e diretrizes para utiliza\u00e7\u00e3o do nosso sistema\" \/>\n<meta name=\"robots\" content=\"index, follow, max-snippet:-1, max-image-preview:large, max-video-preview:-1\" \/>\n<link rel=\"canonical\" href=\"https:\/\/sispsico.com.br\/blog\/termos-de-uso-sispsico\/\" \/>\n<meta property=\"og:locale\" content=\"pt_BR\" \/>\n<meta property=\"og:type\" content=\"article\" \/>\n<meta property=\"og:title\" content=\"Termos de Uso - SisPsico\" \/>\n<meta property=\"og:description\" content=\"Confira os Termos de Uso do prontu\u00e1rio eletr\u00f4nico para psic\u00f3logos SisPsico e entenda as regras e diretrizes para utiliza\u00e7\u00e3o do nosso sistema\" \/>\n<meta property=\"og:url\" content=\"https:\/\/sispsico.com.br\/blog\/termos-de-uso-sispsico\/\" \/>\n<meta property=\"og:site_name\" content=\"SisPsico\" \/>\n<meta property=\"article:modified_time\" content=\"2024-07-19T12:50:34+00:00\" \/>\n<meta property=\"og:image\" content=\"https:\/\/sispsico.com.br\/blog\/wp-content\/uploads\/2024\/07\/business-letterhead-template.jpg\" \/>\n\t<meta property=\"og:image:width\" content=\"600\" \/>\n\t<meta property=\"og:image:height\" content=\"325\" \/>\n\t<meta property=\"og:image:type\" content=\"image\/jpeg\" \/>\n<meta name=\"twitter:card\" content=\"summary_large_image\" \/>\n<meta name=\"twitter:label1\" content=\"Est. tempo de leitura\" \/>\n\t<meta name=\"twitter:data1\" content=\"3 minutos\" \/>\n<script type=\"application\/ld+json\" class=\"yoast-schema-graph\">{\"@context\":\"https:\/\/schema.org\",\"@graph\":[{\"@type\":\"WebPage\",\"@id\":\"https:\/\/sispsico.com.br\/blog\/termos-de-uso-sispsico\/\",\"url\":\"https:\/\/sispsico.com.br\/blog\/termos-de-uso-sispsico\/\",\"name\":\"Termos de Uso - SisPsico\",\"isPartOf\":{\"@id\":\"https:\/\/sispsico.com.br\/blog\/#website\"},\"primaryImageOfPage\":{\"@id\":\"https:\/\/sispsico.com.br\/blog\/termos-de-uso-sispsico\/#primaryimage\"},\"image\":{\"@id\":\"https:\/\/sispsico.com.br\/blog\/termos-de-uso-sispsico\/#primaryimage\"},\"thumbnailUrl\":\"https:\/\/sispsico.com.br\/blog\/wp-content\/uploads\/2024\/07\/business-letterhead-template.jpg\",\"datePublished\":\"2024-07-19T12:50:33+00:00\",\"dateModified\":\"2024-07-19T12:50:34+00:00\",\"description\":\"Confira os Termos de Uso do prontu\u00e1rio eletr\u00f4nico para psic\u00f3logos SisPsico e entenda as regras e diretrizes para utiliza\u00e7\u00e3o do nosso sistema\",\"breadcrumb\":{\"@id\":\"https:\/\/sispsico.com.br\/blog\/termos-de-uso-sispsico\/#breadcrumb\"},\"inLanguage\":\"pt-BR\",\"potentialAction\":[{\"@type\":\"ReadAction\",\"target\":[\"https:\/\/sispsico.com.br\/blog\/termos-de-uso-sispsico\/\"]}]},{\"@type\":\"ImageObject\",\"inLanguage\":\"pt-BR\",\"@id\":\"https:\/\/sispsico.com.br\/blog\/termos-de-uso-sispsico\/#primaryimage\",\"url\":\"https:\/\/sispsico.com.br\/blog\/wp-content\/uploads\/2024\/07\/business-letterhead-template.jpg\",\"contentUrl\":\"https:\/\/sispsico.com.br\/blog\/wp-content\/uploads\/2024\/07\/business-letterhead-template.jpg\",\"width\":600,\"height\":325},{\"@type\":\"BreadcrumbList\",\"@id\":\"https:\/\/sispsico.com.br\/blog\/termos-de-uso-sispsico\/#breadcrumb\",\"itemListElement\":[{\"@type\":\"ListItem\",\"position\":1,\"name\":\"In\u00edcio\",\"item\":\"https:\/\/sispsico.com.br\/blog\/\"},{\"@type\":\"ListItem\",\"position\":2,\"name\":\"Termos de Uso\"}]},{\"@type\":\"WebSite\",\"@id\":\"https:\/\/sispsico.com.br\/blog\/#website\",\"url\":\"https:\/\/sispsico.com.br\/blog\/\",\"name\":\"SisPsico\",\"description\":\"Blog\",\"publisher\":{\"@id\":\"https:\/\/sispsico.com.br\/blog\/#organization\"},\"potentialAction\":[{\"@type\":\"SearchAction\",\"target\":{\"@type\":\"EntryPoint\",\"urlTemplate\":\"https:\/\/sispsico.com.br\/blog\/?s={search_term_string}\"},\"query-input\":\"required name=search_term_string\"}],\"inLanguage\":\"pt-BR\"},{\"@type\":\"Organization\",\"@id\":\"https:\/\/sispsico.com.br\/blog\/#organization\",\"name\":\"SisPsico\",\"url\":\"https:\/\/sispsico.com.br\/blog\/\",\"logo\":{\"@type\":\"ImageObject\",\"inLanguage\":\"pt-BR\",\"@id\":\"https:\/\/sispsico.com.br\/blog\/#\/schema\/logo\/image\/\",\"url\":\"https:\/\/sispsico.com.br\/blog\/wp-content\/uploads\/2025\/09\/logo_sispsico.png\",\"contentUrl\":\"https:\/\/sispsico.com.br\/blog\/wp-content\/uploads\/2025\/09\/logo_sispsico.png\",\"width\":300,\"height\":155,\"caption\":\"SisPsico\"},\"image\":{\"@id\":\"https:\/\/sispsico.com.br\/blog\/#\/schema\/logo\/image\/\"}}]}<\/script>\n<!-- \/ Yoast SEO plugin. -->","yoast_head_json":{"title":"Termos de Uso - SisPsico","description":"Confira os Termos de Uso do prontu\u00e1rio eletr\u00f4nico para psic\u00f3logos SisPsico e entenda as regras e diretrizes para utiliza\u00e7\u00e3o do nosso sistema","robots":{"index":"index","follow":"follow","max-snippet":"max-snippet:-1","max-image-preview":"max-image-preview:large","max-video-preview":"max-video-preview:-1"},"canonical":"https:\/\/sispsico.com.br\/blog\/termos-de-uso-sispsico\/","og_locale":"pt_BR","og_type":"article","og_title":"Termos de Uso - SisPsico","og_description":"Confira os Termos de Uso do prontu\u00e1rio eletr\u00f4nico para psic\u00f3logos SisPsico e entenda as regras e diretrizes para utiliza\u00e7\u00e3o do nosso sistema","og_url":"https:\/\/sispsico.com.br\/blog\/termos-de-uso-sispsico\/","og_site_name":"SisPsico","article_modified_time":"2024-07-19T12:50:34+00:00","og_image":[{"width":600,"height":325,"url":"https:\/\/sispsico.com.br\/blog\/wp-content\/uploads\/2024\/07\/business-letterhead-template.jpg","type":"image\/jpeg"}],"twitter_card":"summary_large_image","twitter_misc":{"Est. tempo de leitura":"3 minutos"},"schema":{"@context":"https:\/\/schema.org","@graph":[{"@type":"WebPage","@id":"https:\/\/sispsico.com.br\/blog\/termos-de-uso-sispsico\/","url":"https:\/\/sispsico.com.br\/blog\/termos-de-uso-sispsico\/","name":"Termos de Uso - SisPsico","isPartOf":{"@id":"https:\/\/sispsico.com.br\/blog\/#website"},"primaryImageOfPage":{"@id":"https:\/\/sispsico.com.br\/blog\/termos-de-uso-sispsico\/#primaryimage"},"image":{"@id":"https:\/\/sispsico.com.br\/blog\/termos-de-uso-sispsico\/#primaryimage"},"thumbnailUrl":"https:\/\/sispsico.com.br\/blog\/wp-content\/uploads\/2024\/07\/business-letterhead-template.jpg","datePublished":"2024-07-19T12:50:33+00:00","dateModified":"2024-07-19T12:50:34+00:00","description":"Confira os Termos de Uso do prontu\u00e1rio eletr\u00f4nico para psic\u00f3logos SisPsico e entenda as regras e diretrizes para utiliza\u00e7\u00e3o do nosso sistema","breadcrumb":{"@id":"https:\/\/sispsico.com.br\/blog\/termos-de-uso-sispsico\/#breadcrumb"},"inLanguage":"pt-BR","potentialAction":[{"@type":"ReadAction","target":["https:\/\/sispsico.com.br\/blog\/termos-de-uso-sispsico\/"]}]},{"@type":"ImageObject","inLanguage":"pt-BR","@id":"https:\/\/sispsico.com.br\/blog\/termos-de-uso-sispsico\/#primaryimage","url":"https:\/\/sispsico.com.br\/blog\/wp-content\/uploads\/2024\/07\/business-letterhead-template.jpg","contentUrl":"https:\/\/sispsico.com.br\/blog\/wp-content\/uploads\/2024\/07\/business-letterhead-template.jpg","width":600,"height":325},{"@type":"BreadcrumbList","@id":"https:\/\/sispsico.com.br\/blog\/termos-de-uso-sispsico\/#breadcrumb","itemListElement":[{"@type":"ListItem","position":1,"name":"In\u00edcio","item":"https:\/\/sispsico.com.br\/blog\/"},{"@type":"ListItem","position":2,"name":"Termos de Uso"}]},{"@type":"WebSite","@id":"https:\/\/sispsico.com.br\/blog\/#website","url":"https:\/\/sispsico.com.br\/blog\/","name":"SisPsico","description":"Blog","publisher":{"@id":"https:\/\/sispsico.com.br\/blog\/#organization"},"potentialAction":[{"@type":"SearchAction","target":{"@type":"EntryPoint","urlTemplate":"https:\/\/sispsico.com.br\/blog\/?s={search_term_string}"},"query-input":"required name=search_term_string"}],"inLanguage":"pt-BR"},{"@type":"Organization","@id":"https:\/\/sispsico.com.br\/blog\/#organization","name":"SisPsico","url":"https:\/\/sispsico.com.br\/blog\/","logo":{"@type":"ImageObject","inLanguage":"pt-BR","@id":"https:\/\/sispsico.com.br\/blog\/#\/schema\/logo\/image\/","url":"https:\/\/sispsico.com.br\/blog\/wp-content\/uploads\/2025\/09\/logo_sispsico.png","contentUrl":"https:\/\/sispsico.com.br\/blog\/wp-content\/uploads\/2025\/09\/logo_sispsico.png","width":300,"height":155,"caption":"SisPsico"},"image":{"@id":"https:\/\/sispsico.com.br\/blog\/#\/schema\/logo\/image\/"}}]}},"_links":{"self":[{"href":"https:\/\/sispsico.com.br\/blog\/wp-json\/wp\/v2\/pages\/117"}],"collection":[{"href":"https:\/\/sispsico.com.br\/blog\/wp-json\/wp\/v2\/pages"}],"about":[{"href":"https:\/\/sispsico.com.br\/blog\/wp-json\/wp\/v2\/types\/page"}],"author":[{"embeddable":true,"href":"https:\/\/sispsico.com.br\/blog\/wp-json\/wp\/v2\/users\/1"}],"replies":[{"embeddable":true,"href":"https:\/\/sispsico.com.br\/blog\/wp-json\/wp\/v2\/comments?post=117"}],"version-history":[{"count":1,"href":"https:\/\/sispsico.com.br\/blog\/wp-json\/wp\/v2\/pages\/117\/revisions"}],"predecessor-version":[{"id":118,"href":"https:\/\/sispsico.com.br\/blog\/wp-json\/wp\/v2\/pages\/117\/revisions\/118"}],"wp:featuredmedia":[{"embeddable":true,"href":"https:\/\/sispsico.com.br\/blog\/wp-json\/wp\/v2\/media\/15"}],"wp:attachment":[{"href":"https:\/\/sispsico.com.br\/blog\/wp-json\/wp\/v2\/media?parent=117"}],"curies":[{"name":"wp","href":"https:\/\/api.w.org\/{rel}","templated":true}]}}